{"id":71,"date":"2021-12-03T11:39:55","date_gmt":"2021-12-02T22:39:55","guid":{"rendered":"https:\/\/rivulisdev.tracta.co.nz\/?page_id=71"},"modified":"2024-05-07T20:54:47","modified_gmt":"2024-05-07T08:54:47","slug":"urun-yelpazesi%cc%87","status":"publish","type":"page","link":"https:\/\/tr.rivulisdev.co.il\/turn-key\/urun-yelpazesi%cc%87\/","title":{"rendered":"\u00dcr\u00fcn Yelpazesi\u0307"},"content":{"rendered":"","protected":false},"excerpt":{"rendered":"","protected":false},"author":1,"featured_media":0,"parent":0,"menu_order":3,"comment_status":"closed","ping_status":"closed","template":"pg-microsite-products.php","meta":{"_acf_changed":false},"class_list":["post-71","page","type-page","status-publish","hentry"],"acf":[],"yoast_head":"<!-- This site is optimized with the Yoast SEO plugin v25.5 - https:\/\/yoast.com\/wordpress\/plugins\/seo\/ -->\n<title>Rivulis mikro sulama \u00fcr\u00fcnlerinin tamam\u0131<\/title>\n<meta name=\"description\" content=\"Rivulis, tarla ve \u00fcr\u00fcn ihtiya\u00e7lar\u0131n\u0131z\u0131 kar\u015f\u0131lamak i\u00e7in maksimum \u00f6zelle\u015ftirmeye sahip sekt\u00f6r\u00fcn en kapsaml\u0131 mikro sulama \u00fcr\u00fcn yelpazesine sahiptir.\" \/>\n<meta name=\"robots\" content=\"noindex, follow, max-snippet:-1, max-image-preview:large, max-video-preview:-1\" \/>\n<meta property=\"og:locale\" content=\"en_US\" \/>\n<meta property=\"og:type\" content=\"article\" \/>\n<meta property=\"og:title\" content=\"Rivulis mikro sulama \u00fcr\u00fcnlerinin tamam\u0131\" \/>\n<meta property=\"og:description\" content=\"Rivulis, tarla ve \u00fcr\u00fcn ihtiya\u00e7lar\u0131n\u0131z\u0131 kar\u015f\u0131lamak i\u00e7in maksimum \u00f6zelle\u015ftirmeye sahip sekt\u00f6r\u00fcn en kapsaml\u0131 mikro sulama \u00fcr\u00fcn yelpazesine sahiptir.\" \/>\n<meta property=\"og:url\" content=\"https:\/\/tr.rivulisdev.co.il\/turn-key\/urun-yelpazesi\u0307\/\" \/>\n<meta property=\"og:site_name\" content=\"Rivulis Irrigation Systems\" \/>\n<meta property=\"article:publisher\" content=\"https:\/\/www.facebook.com\/RivulisDripIrrigation\" \/>\n<meta property=\"article:modified_time\" content=\"2024-05-07T08:54:47+00:00\" \/>\n<meta name=\"twitter:card\" content=\"summary_large_image\" \/>\n<script type=\"application\/ld+json\" class=\"yoast-schema-graph\">{\"@context\":\"https:\/\/schema.org\",\"@graph\":[{\"@type\":\"WebPage\",\"@id\":\"https:\/\/tr.rivulisdev.co.il\/turn-key\/urun-yelpazesi%cc%87\/\",\"url\":\"https:\/\/tr.rivulisdev.co.il\/turn-key\/urun-yelpazesi%cc%87\/\",\"name\":\"Rivulis mikro sulama \u00fcr\u00fcnlerinin tamam\u0131\",\"isPartOf\":{\"@id\":\"https:\/\/tr.rivulisdev.co.il\/turn-key\/#website\"},\"datePublished\":\"2021-12-02T22:39:55+00:00\",\"dateModified\":\"2024-05-07T08:54:47+00:00\",\"description\":\"Rivulis, tarla ve \u00fcr\u00fcn ihtiya\u00e7lar\u0131n\u0131z\u0131 kar\u015f\u0131lamak i\u00e7in maksimum \u00f6zelle\u015ftirmeye sahip sekt\u00f6r\u00fcn en kapsaml\u0131 mikro sulama \u00fcr\u00fcn yelpazesine sahiptir.\",\"breadcrumb\":{\"@id\":\"https:\/\/tr.rivulisdev.co.il\/turn-key\/urun-yelpazesi%cc%87\/#breadcrumb\"},\"inLanguage\":\"en-US\",\"potentialAction\":[{\"@type\":\"ReadAction\",\"target\":[\"https:\/\/tr.rivulisdev.co.il\/turn-key\/urun-yelpazesi%cc%87\/\"]}]},{\"@type\":\"BreadcrumbList\",\"@id\":\"https:\/\/tr.rivulisdev.co.il\/turn-key\/urun-yelpazesi%cc%87\/#breadcrumb\",\"itemListElement\":[{\"@type\":\"ListItem\",\"position\":1,\"name\":\"Home\",\"item\":\"https:\/\/tr.rivulisdev.co.il\/turn-key\/\"},{\"@type\":\"ListItem\",\"position\":2,\"name\":\"\u00dcr\u00fcn Yelpazesi\u0307\"}]},{\"@type\":\"WebSite\",\"@id\":\"https:\/\/tr.rivulisdev.co.il\/turn-key\/#website\",\"url\":\"https:\/\/tr.rivulisdev.co.il\/turn-key\/\",\"name\":\"Rivulis Irrigation Systems\",\"description\":\"The complete solution\",\"publisher\":{\"@id\":\"https:\/\/tr.rivulisdev.co.il\/turn-key\/#organization\"},\"potentialAction\":[{\"@type\":\"SearchAction\",\"target\":{\"@type\":\"EntryPoint\",\"urlTemplate\":\"https:\/\/tr.rivulisdev.co.il\/turn-key\/?s={search_term_string}\"},\"query-input\":{\"@type\":\"PropertyValueSpecification\",\"valueRequired\":true,\"valueName\":\"search_term_string\"}}],\"inLanguage\":\"en-US\"},{\"@type\":\"Organization\",\"@id\":\"https:\/\/tr.rivulisdev.co.il\/turn-key\/#organization\",\"name\":\"Rivulis Irrigation Systems\",\"url\":\"https:\/\/tr.rivulisdev.co.il\/turn-key\/\",\"logo\":{\"@type\":\"ImageObject\",\"inLanguage\":\"en-US\",\"@id\":\"https:\/\/tr.rivulisdev.co.il\/turn-key\/#\/schema\/logo\/image\/\",\"url\":\"https:\/\/tr.rivulisdev.co.il\/turn-key\/wp-content\/uploads\/2022\/02\/logo.png\",\"contentUrl\":\"https:\/\/tr.rivulisdev.co.il\/turn-key\/wp-content\/uploads\/2022\/02\/logo.png\",\"width\":220,\"height\":44,\"caption\":\"Rivulis Irrigation Systems\"},\"image\":{\"@id\":\"https:\/\/tr.rivulisdev.co.il\/turn-key\/#\/schema\/logo\/image\/\"},\"sameAs\":[\"https:\/\/www.facebook.com\/RivulisDripIrrigation\",\"https:\/\/www.instagram.com\/rivulis.irrigation\/\",\"https:\/\/www.linkedin.com\/company\/rivulis\/\",\"https:\/\/www.youtube.com\/channel\/UCNbDMgwEdCkoxUucCW7P0GQ\"]}]}<\/script>\n<!-- \/ Yoast SEO plugin. -->","yoast_head_json":{"title":"Rivulis mikro sulama \u00fcr\u00fcnlerinin tamam\u0131","description":"Rivulis, tarla ve \u00fcr\u00fcn ihtiya\u00e7lar\u0131n\u0131z\u0131 kar\u015f\u0131lamak i\u00e7in maksimum \u00f6zelle\u015ftirmeye sahip sekt\u00f6r\u00fcn en kapsaml\u0131 mikro sulama \u00fcr\u00fcn yelpazesine sahiptir.","robots":{"index":"noindex","follow":"follow","max-snippet":"max-snippet:-1","max-image-preview":"max-image-preview:large","max-video-preview":"max-video-preview:-1"},"og_locale":"en_US","og_type":"article","og_title":"Rivulis mikro sulama \u00fcr\u00fcnlerinin tamam\u0131","og_description":"Rivulis, tarla ve \u00fcr\u00fcn ihtiya\u00e7lar\u0131n\u0131z\u0131 kar\u015f\u0131lamak i\u00e7in maksimum \u00f6zelle\u015ftirmeye sahip sekt\u00f6r\u00fcn en kapsaml\u0131 mikro sulama \u00fcr\u00fcn yelpazesine sahiptir.","og_url":"https:\/\/tr.rivulisdev.co.il\/turn-key\/urun-yelpazesi\u0307\/","og_site_name":"Rivulis Irrigation Systems","article_publisher":"https:\/\/www.facebook.com\/RivulisDripIrrigation","article_modified_time":"2024-05-07T08:54:47+00:00","twitter_card":"summary_large_image","schema":{"@context":"https:\/\/schema.org","@graph":[{"@type":"WebPage","@id":"https:\/\/tr.rivulisdev.co.il\/turn-key\/urun-yelpazesi%cc%87\/","url":"https:\/\/tr.rivulisdev.co.il\/turn-key\/urun-yelpazesi%cc%87\/","name":"Rivulis mikro sulama \u00fcr\u00fcnlerinin tamam\u0131","isPartOf":{"@id":"https:\/\/tr.rivulisdev.co.il\/turn-key\/#website"},"datePublished":"2021-12-02T22:39:55+00:00","dateModified":"2024-05-07T08:54:47+00:00","description":"Rivulis, tarla ve \u00fcr\u00fcn ihtiya\u00e7lar\u0131n\u0131z\u0131 kar\u015f\u0131lamak i\u00e7in maksimum \u00f6zelle\u015ftirmeye sahip sekt\u00f6r\u00fcn en kapsaml\u0131 mikro sulama \u00fcr\u00fcn yelpazesine sahiptir.","breadcrumb":{"@id":"https:\/\/tr.rivulisdev.co.il\/turn-key\/urun-yelpazesi%cc%87\/#breadcrumb"},"inLanguage":"en-US","potentialAction":[{"@type":"ReadAction","target":["https:\/\/tr.rivulisdev.co.il\/turn-key\/urun-yelpazesi%cc%87\/"]}]},{"@type":"BreadcrumbList","@id":"https:\/\/tr.rivulisdev.co.il\/turn-key\/urun-yelpazesi%cc%87\/#breadcrumb","itemListElement":[{"@type":"ListItem","position":1,"name":"Home","item":"https:\/\/tr.rivulisdev.co.il\/turn-key\/"},{"@type":"ListItem","position":2,"name":"\u00dcr\u00fcn Yelpazesi\u0307"}]},{"@type":"WebSite","@id":"https:\/\/tr.rivulisdev.co.il\/turn-key\/#website","url":"https:\/\/tr.rivulisdev.co.il\/turn-key\/","name":"Rivulis Irrigation Systems","description":"The complete solution","publisher":{"@id":"https:\/\/tr.rivulisdev.co.il\/turn-key\/#organization"},"potentialAction":[{"@type":"SearchAction","target":{"@type":"EntryPoint","urlTemplate":"https:\/\/tr.rivulisdev.co.il\/turn-key\/?s={search_term_string}"},"query-input":{"@type":"PropertyValueSpecification","valueRequired":true,"valueName":"search_term_string"}}],"inLanguage":"en-US"},{"@type":"Organization","@id":"https:\/\/tr.rivulisdev.co.il\/turn-key\/#organization","name":"Rivulis Irrigation Systems","url":"https:\/\/tr.rivulisdev.co.il\/turn-key\/","logo":{"@type":"ImageObject","inLanguage":"en-US","@id":"https:\/\/tr.rivulisdev.co.il\/turn-key\/#\/schema\/logo\/image\/","url":"https:\/\/tr.rivulisdev.co.il\/turn-key\/wp-content\/uploads\/2022\/02\/logo.png","contentUrl":"https:\/\/tr.rivulisdev.co.il\/turn-key\/wp-content\/uploads\/2022\/02\/logo.png","width":220,"height":44,"caption":"Rivulis Irrigation Systems"},"image":{"@id":"https:\/\/tr.rivulisdev.co.il\/turn-key\/#\/schema\/logo\/image\/"},"sameAs":["https:\/\/www.facebook.com\/RivulisDripIrrigation","https:\/\/www.instagram.com\/rivulis.irrigation\/","https:\/\/www.linkedin.com\/company\/rivulis\/","https:\/\/www.youtube.com\/channel\/UCNbDMgwEdCkoxUucCW7P0GQ"]}]}},"_links":{"self":[{"href":"https:\/\/tr.rivulisdev.co.il\/turn-key\/wp-json\/wp\/v2\/pages\/71","targetHints":{"allow":["GET"]}}],"collection":[{"href":"https:\/\/tr.rivulisdev.co.il\/turn-key\/wp-json\/wp\/v2\/pages"}],"about":[{"href":"https:\/\/tr.rivulisdev.co.il\/turn-key\/wp-json\/wp\/v2\/types\/page"}],"author":[{"embeddable":true,"href":"https:\/\/tr.rivulisdev.co.il\/turn-key\/wp-json\/wp\/v2\/users\/1"}],"replies":[{"embeddable":true,"href":"https:\/\/tr.rivulisdev.co.il\/turn-key\/wp-json\/wp\/v2\/comments?post=71"}],"version-history":[{"count":71,"href":"https:\/\/tr.rivulisdev.co.il\/turn-key\/wp-json\/wp\/v2\/pages\/71\/revisions"}],"predecessor-version":[{"id":1072,"href":"https:\/\/tr.rivulisdev.co.il\/turn-key\/wp-json\/wp\/v2\/pages\/71\/revisions\/1072"}],"wp:attachment":[{"href":"https:\/\/tr.rivulisdev.co.il\/turn-key\/wp-json\/wp\/v2\/media?parent=71"}],"curies":[{"name":"wp","href":"https:\/\/api.w.org\/{rel}","templated":true}]}}